{"id":11,"date":"2012-05-05T22:22:36","date_gmt":"2012-05-05T22:22:36","guid":{"rendered":"https:\/\/www.lairdofblackwood.com\/pl\/?page_id=11"},"modified":"2026-01-31T22:56:16","modified_gmt":"2026-01-31T22:56:16","slug":"inicio","status":"publish","type":"page","link":"https:\/\/www.lairdofblackwood.com\/pl\/","title":{"rendered":"Kup tytu\u0142 arystokratyczny \u2013 zosta\u0144 szkockim Lairdem, Lordem lub Lady"},"content":{"rendered":"<div style=\"margin-bottom: 20px;\"><div aria-live=\"polite\" id=\"soliloquy-container-353_1\" class=\"soliloquy-container soliloquy-transition-fade  soliloquy-theme-base\" style=\"max-width:960px;max-height:300px;\"><ul id=\"soliloquy-353_1\" class=\"soliloquy-slider soliloquy-slides soliloquy-wrap soliloquy-clear\"><li aria-hidden=\"true\" class=\"soliloquy-item soliloquy-item-1 soliloquy-image-slide\" draggable=\"false\" style=\"list-style:none\"><img decoding=\"async\" id=\"soliloquy-image-354\" class=\"soliloquy-image soliloquy-image-1\" src=\"https:\/\/www.lairdofblackwood.com\/pl\/wp-content\/uploads\/2021\/02\/5246713243_6d7b1b579f_o-1024x638b-1024x626-1-960x400_c-960x300_c.jpg\" alt=\"5246713243_6d7b1b579f_o-1024x638b-1024&#215;626-1-960x400_c\" \/><\/li><li aria-hidden=\"true\" class=\"soliloquy-item soliloquy-item-2 soliloquy-image-slide\" draggable=\"false\" style=\"list-style:none\"><img decoding=\"async\" id=\"soliloquy-image-355\" class=\"soliloquy-image soliloquy-image-2\" src=\"https:\/\/www.lairdofblackwood.com\/pl\/wp-content\/uploads\/2021\/02\/16804253280_970f45676a_o-1024x538-1024x538-960x400_c-960x300_c.jpg\" alt=\"16804253280_970f45676a_o-1024&#215;538-1024&#215;538-960x400_c\" \/><\/li><li aria-hidden=\"true\" class=\"soliloquy-item soliloquy-item-3 soliloquy-image-slide\" draggable=\"false\" style=\"list-style:none\"><img decoding=\"async\" id=\"soliloquy-image-356\" class=\"soliloquy-image soliloquy-image-3\" src=\"https:\/\/www.lairdofblackwood.com\/pl\/wp-content\/uploads\/2021\/02\/Bridge704x300-700x300-960x400_c-960x300_c.jpg\" alt=\"Bridge704x300-700&#215;300-960x400_c\" \/><\/li><li aria-hidden=\"true\" class=\"soliloquy-item soliloquy-item-4 soliloquy-image-slide\" draggable=\"false\" style=\"list-style:none\"><img decoding=\"async\" id=\"soliloquy-image-357\" class=\"soliloquy-image soliloquy-image-4\" src=\"https:\/\/www.lairdofblackwood.com\/pl\/wp-content\/uploads\/2021\/02\/EileanDonan705x300-700x300-1-960x300_c.jpg\" alt=\"EileanDonan705x300-700&#215;300\" \/><\/li><li aria-hidden=\"true\" class=\"soliloquy-item soliloquy-item-5 soliloquy-image-slide\" draggable=\"false\" style=\"list-style:none\"><img decoding=\"async\" id=\"soliloquy-image-358\" class=\"soliloquy-image soliloquy-image-5\" src=\"https:\/\/www.lairdofblackwood.com\/pl\/wp-content\/uploads\/2021\/02\/Fjord704x300-700x300-960x400_c-960x300_c.jpg\" alt=\"Fjord704x300-700&#215;300-960x400_c\" \/><\/li><li aria-hidden=\"true\" class=\"soliloquy-item soliloquy-item-6 soliloquy-image-slide\" draggable=\"false\" style=\"list-style:none\"><img decoding=\"async\" id=\"soliloquy-image-359\" class=\"soliloquy-image soliloquy-image-6\" src=\"https:\/\/www.lairdofblackwood.com\/pl\/wp-content\/uploads\/2021\/02\/River727x306-960x400_c-960x300_c.jpg\" alt=\"River727x306-960x400_c\" \/><\/li><li aria-hidden=\"true\" class=\"soliloquy-item soliloquy-item-7 soliloquy-image-slide\" draggable=\"false\" style=\"list-style:none\"><img decoding=\"async\" id=\"soliloquy-image-360\" class=\"soliloquy-image soliloquy-image-7\" src=\"https:\/\/www.lairdofblackwood.com\/pl\/wp-content\/uploads\/2021\/02\/Still702x300-960x400_c-960x300_c.jpg\" alt=\"Still702x300-960x400_c\" \/><\/li><li aria-hidden=\"true\" class=\"soliloquy-item soliloquy-item-8 soliloquy-image-slide\" draggable=\"false\" style=\"list-style:none\"><img decoding=\"async\" id=\"soliloquy-image-361\" class=\"soliloquy-image soliloquy-image-8\" src=\"https:\/\/www.lairdofblackwood.com\/pl\/wp-content\/uploads\/2021\/02\/Tree730x306-960x400_c-960x300_c.jpg\" alt=\"Tree730x306-960x400_c\" \/><\/li><\/ul><\/div><noscript><style type=\"text\/css\">#soliloquy-container-353_1{opacity:1}<\/style><\/noscript><\/div>\n<p data-start=\"58\" data-end=\"390\">Czy kiedykolwiek marzy\u0142e\u015b o byciu cz\u0142onkiem arystokracji \u2013 o posiadaniu imponuj\u0105cego tytu\u0142u przed swoim imieniem? Teraz masz okazj\u0119. Za jedyne \u00a339,99 mo\u017cemy zapewni\u0107 Ci ca\u0142kowicie legalny tytu\u0142 feudalny oraz w\u0142asno\u015b\u0107 dzia\u0142ki na szkockim maj\u0105tku ziemskim.<\/p>\n<p data-start=\"392\" data-end=\"831\">Zgodnie ze starodawnym prawem i zwyczajem szkockim w\u0142a\u015bciciel ziemi ma prawo u\u017cywa\u0107 tytu\u0142u \u201eLaird\u201d, a kobiety-w\u0142a\u015bcicielki ziemi nosz\u0105 tytu\u0142 \u201eLady\u201d. Niekt\u00f3rzy m\u0119\u017cczy\u017ani-Lairds wybieraj\u0105 zamiast tego bardziej znane angielskie t\u0142umaczenie \u201eLord\u201d. Szkoccy Lairds s\u0105 cz\u0142onkami ni\u017cszej arystokracji i wcze\u015bniej posiadali prawa feudalne nadane przez koron\u0119. W tabeli precedencji Laird plasuje si\u0119 powy\u017cej Esquire i bezpo\u015brednio poni\u017cej Barona.<\/p>\n<p data-start=\"833\" data-end=\"1470\">Kupuj\u0105c dzia\u0142k\u0119 na Blackwood Estate w Szkocji, uzyskujesz prawo do tytu\u0142u Laird, Lord lub Lady of Blackwood. Firma Historic Estates Ltd zosta\u0142a za\u0142o\u017cona, aby chroni\u0107 i zachowa\u0107 nasze wsp\u00f3lne dziedzictwo europejskie. Oferuj\u0105c publiczno\u015bci mo\u017cliwo\u015b\u0107 zakupu praw do pami\u0105tkowych dzia\u0142ek na Blackwood Estate, pomagamy zapewni\u0107, \u017ce ziemia ta nie zostanie zabudowana, a jednocze\u015bnie nasi zwolennicy zyskuj\u0105 mo\u017cliwo\u015b\u0107 u\u017cywania brytyjskiego tytu\u0142u feudalnego z historycznymi powi\u0105zaniami z tym terenem. Czy istnieje lepszy spos\u00f3b na rozpocz\u0119cie nowego \u017cycia jako cz\u0142onek arystokracji ni\u017c wspieranie w\u0142asnej ulubionej organizacji charytatywnej?<\/p>\n<p data-start=\"1472\" data-end=\"1852\">Jako Laird, Lord lub Lady of Blackwood otrzymasz r\u00f3wnie\u017c wy\u0142\u0105czne prawo do noszenia <a href=\"https:\/\/www.lairdofblackwood.com\/pl\/heraldry\/\">insygni\u00f3w i tartanu Blackwood<\/a>, kt\u00f3rych nie mog\u0105 u\u017cywa\u0107 inni ni\u017c prawowici w\u0142a\u015bciciele ziemi na Blackwood Estate. Insygnia b\u0119d\u0105 prezentowa\u0107 si\u0119 imponuj\u0105co na Twojej papeterii i wizyt\u00f3wkach, a w naszym <a href=\"https:\/\/www.lairdofblackwood.com\/webshop\/#googtrans(en|pl)\" target=\"_blank\" rel=\"noopener\">sklepie internetowym<\/a> oferujemy r\u00f3wnie\u017c r\u00f3\u017cne arystokratyczne akcesoria z insygniami Blackwood.<\/p>\n<p data-start=\"1854\" data-end=\"2216\">Dzia\u0142ki znajduj\u0105 si\u0119 w Loch Wood na Blackwood Estate, niegdy\u015b najwi\u0119kszym maj\u0105tku w Lanarkshire i domu wakacyjnym wielkiego szkockiego poety i narodowego skarbu \u2013 Roberta Burnsa. Przez wieki Lanarkshire by\u0142o terytorium kr\u00f3l\u00f3w i szlachty. Laird of Blackwood by\u0142 pierwotnie staro\u017cytnym szkockim tytu\u0142em feudalnym, kt\u00f3rego \u015blady mo\u017cna odnale\u017a\u0107 a\u017c w \u015bredniowieczu.<\/p>\n<p data-start=\"2218\" data-end=\"2529\">Wi\u0119cej informacji na temat prawid\u0142owego u\u017cywania tytu\u0142u Laird znajdziesz <a href=\"https:\/\/www.lairdofblackwood.com\/pl\/form-of-address\/\">tutaj<\/a>. W sk\u0142ad naszego <a href=\"https:\/\/www.lairdofblackwood.com\/pl\/lairdship-portfolio\/\">portfolio Lairdship<\/a> wchodzi Master Title Deed \u2013 dokument prawny, kt\u00f3ry mo\u017ce by\u0107 u\u017cyty do formalnej zmiany tytu\u0142u we wszystkich krajach common law uznaj\u0105cych tytu\u0142y szlacheckie w oficjalnych dokumentach to\u017csamo\u015bci.<\/p>\n<p data-start=\"2531\" data-end=\"2941\">Jako cz\u0142onek wy\u017cszych klas mo\u017cesz chcie\u0107 podj\u0105\u0107 pewne szkockie lordowskie zaj\u0119cia, takie jak noszenie kiltu, \u0142owienie \u0142ososi czy nawet gra na dudach, je\u015bli masz na to ochot\u0119! I nie zdziw si\u0119, je\u015bli Tw\u00f3j nowy tytu\u0142 przyniesie pewne dodatkowe przywileje, np. awanse w klasie lotniczej lub inne preferencyjne traktowanie. To si\u0119 zdarza. Portfolio Lairdship b\u0119dzie te\u017c doskona\u0142ym prezentem dla kogo\u015b wyj\u0105tkowego.<\/p>\n<p data-start=\"2943\" data-end=\"3030\">Kup dzia\u0142k\u0119 na Blackwood Estate i rozpocznij dzi\u015b swoje nowe \u017cycie pe\u0142ne przywilej\u00f3w!<\/p>\n<p>&nbsp;<\/p>\n","protected":false},"excerpt":{"rendered":"<p>Czy kiedykolwiek marzy\u0142e\u015b o byciu cz\u0142onkiem arystokracji \u2013 o posiadaniu imponuj\u0105cego tytu\u0142u przed swoim imieniem? Teraz masz okazj\u0119. Za jedyne \u00a339,99 mo\u017cemy zapewni\u0107 Ci ca\u0142kowicie legalny tytu\u0142 feudalny oraz w\u0142asno\u015b\u0107 dzia\u0142ki na szkockim maj\u0105tku ziemskim. Zgodnie ze starodawnym prawem i zwyczajem szkockim w\u0142a\u015bciciel ziemi ma prawo u\u017cywa\u0107 tytu\u0142u \u201eLaird\u201d, a kobiety-w\u0142a\u015bcicielki ziemi nosz\u0105 tytu\u0142 \u201eLady\u201d. [&hellip;]<\/p>\n","protected":false},"author":1,"featured_media":0,"parent":0,"menu_order":0,"comment_status":"closed","ping_status":"closed","template":"","meta":{"slim_seo":{"title":"Kup tytu\u0142 szlachecki","description":"Czy kiedykolwiek marzy\u0142e\u015b o byciu cz\u0142onkiem arystokracji \u2013 o posiadaniu imponuj\u0105cego tytu\u0142u przed swoim imieniem? Teraz masz okazj\u0119. Za jedyne \u00a339,99 mo\u017cemy zap"},"footnotes":""},"class_list":["post-11","page","type-page","status-publish","hentry"],"_links":{"self":[{"href":"https:\/\/www.lairdofblackwood.com\/pl\/wp-json\/wp\/v2\/pages\/11","targetHints":{"allow":["GET"]}}],"collection":[{"href":"https:\/\/www.lairdofblackwood.com\/pl\/wp-json\/wp\/v2\/pages"}],"about":[{"href":"https:\/\/www.lairdofblackwood.com\/pl\/wp-json\/wp\/v2\/types\/page"}],"author":[{"embeddable":true,"href":"https:\/\/www.lairdofblackwood.com\/pl\/wp-json\/wp\/v2\/users\/1"}],"replies":[{"embeddable":true,"href":"https:\/\/www.lairdofblackwood.com\/pl\/wp-json\/wp\/v2\/comments?post=11"}],"version-history":[{"count":26,"href":"https:\/\/www.lairdofblackwood.com\/pl\/wp-json\/wp\/v2\/pages\/11\/revisions"}],"predecessor-version":[{"id":456,"href":"https:\/\/www.lairdofblackwood.com\/pl\/wp-json\/wp\/v2\/pages\/11\/revisions\/456"}],"wp:attachment":[{"href":"https:\/\/www.lairdofblackwood.com\/pl\/wp-json\/wp\/v2\/media?parent=11"}],"curies":[{"name":"wp","href":"https:\/\/api.w.org\/{rel}","templated":true}]}}